{"id":265,"date":"2018-09-21T14:04:53","date_gmt":"2018-09-21T14:04:53","guid":{"rendered":"https:\/\/glasix.ch\/Wordpress\/?page_id=265"},"modified":"2018-09-21T14:18:15","modified_gmt":"2018-09-21T14:18:15","slug":"persoenlich","status":"publish","type":"page","link":"https:\/\/glasix.ch\/Wordpress\/persoenlich\/","title":{"rendered":"Pers\u00f6nlich"},"content":{"rendered":"<h3>Pers\u00f6nliches<\/h3>\n<ul>\n<li>Geboren 1961 in St\u00e4fa<\/li>\n<li>aufgewachsen in Hombrechtikon<\/li>\n<li>seit 1995 wohnhaft in Winterthur<\/li>\n<li>Primarlehrerin, 15 Jahre Berufspraxis<\/li>\n<li>5 Jahre Fachlehrerin f\u00fcr Werken<\/li>\n<li>Dipl. Gestaltungsp\u00e4dagogin IAC<\/li>\n<li>eigenes Atelier GLASIX seit 2001<\/li>\n<li>seit 2003 Kursleiterin f\u00fcr Kinder und Erwachsene<\/li>\n<li>CAS Gestalterische Projekte an der HGKZ Z\u00fcrich<\/li>\n<li>Gr\u00fcndung Kinderwerkstatt KEK im Herbst 2006<\/li>\n<\/ul>\n<h3>Gestalterische Weiterbildungen<\/h3>\n<ul>\n<li>Schmuckkurse bei Goldschmied Harald Frank, Basel \/ Hans R. Hartmann, Basel \/ Margrit Linder, Z\u00fcrich<\/li>\n<li>Acrylglas- und Metallausbildung f\u00fcr die nicht textile Handarbeit an der Oberstufe<\/li>\n<li>Gestalten mit Metall, Schmuck &amp; Ger\u00e4t bei Stefan Wettstein, Berufsschule Z\u00fcrich<\/li>\n<li>Keramikkurse bei Peter Widmer, Winterthur \/ Lucianna Braendle, Winterthur \/ Stefan Jakob, Z\u00fcrich<\/li>\n<li>Zeichnen und Malen bei Ferdinand Arnold, HGKZ<\/li>\n<li>K\u00f6rperbezogenes textiles Gestalten bei Marianne Forrer Casty, Kunstschule Wetzikon<\/li>\n<li>Glasperlen drehen bei Marta Ed\u00f6cs, Ungarn<\/li>\n<li>Glasfusingtechnik bei Erna Piechna-Sowersby, Creative Glass School, Volketswil<\/li>\n<li>M-Art-Lehrgang GLAS in Suhr (1 Semester Fusing, 2 Semester Guss) Leitung: Sandra Hafner-Giorgio<\/li>\n<li>3j\u00e4hrige Ausbildung in Gestaltungsp\u00e4dagogik IAC, Z\u00fcrich von 2001 &#8211; 2004<br \/>\nMentorInnen: Thomas Koller, Marianne Sinner, Ruth Amrein<\/li>\n<li>CAS: BILDEN- K\u00dcNSTE -GESELLSCHAFT an der HGKZ Z\u00fcrich von 2005 &#8211; 2006<\/li>\n<li>Schule f\u00fcr Gestaltung St. Gallen: 1 Semester \u201ePlastik &amp; Raum&#8220; bei Klemens Pasoldt<\/li>\n<li>Weiterf\u00fchrende Glaskurse : K\u00f6rper aus Glas &amp; Licht mit Kirstie Rea , Australien \/ Glasblasen mit<br \/>\nMarianne Kohler, Basel \/ Siebdruck auf Glas &amp; Sandstrahlen mit Fotomasken mit Erna Piechna<\/li>\n<li>Bildwerk Frauenau: Glasmalerei bei Gabi Weiss D<\/li>\n<li>Schmuck aus Art Clay &amp; Faux Bone : Christina Kamm CH, Mirjam Golverdingen NL, Melissa Cable, USA\u00a0(Faux Bone)<\/li>\n<li>Sommerakademie Rheinau: Betonguss mit Eveline Markstein D<\/li>\n<\/ul>\n","protected":false},"excerpt":{"rendered":"<p>Pers\u00f6nliches Geboren 1961 in St\u00e4fa aufgewachsen in Hombrechtikon seit 1995 wohnhaft in Winterthur Primarlehrerin, 15 Jahre Berufspraxis 5 Jahre Fachlehrerin[&#8230;]<\/p>\n","protected":false},"author":1,"featured_media":266,"parent":0,"menu_order":0,"comment_status":"closed","ping_status":"closed","template":"","meta":{"footnotes":""},"class_list":["post-265","page","type-page","status-publish","has-post-thumbnail","hentry"],"_links":{"self":[{"href":"https:\/\/glasix.ch\/Wordpress\/wp-json\/wp\/v2\/pages\/265","targetHints":{"allow":["GET"]}}],"collection":[{"href":"https:\/\/glasix.ch\/Wordpress\/wp-json\/wp\/v2\/pages"}],"about":[{"href":"https:\/\/glasix.ch\/Wordpress\/wp-json\/wp\/v2\/types\/page"}],"author":[{"embeddable":true,"href":"https:\/\/glasix.ch\/Wordpress\/wp-json\/wp\/v2\/users\/1"}],"replies":[{"embeddable":true,"href":"https:\/\/glasix.ch\/Wordpress\/wp-json\/wp\/v2\/comments?post=265"}],"version-history":[{"count":2,"href":"https:\/\/glasix.ch\/Wordpress\/wp-json\/wp\/v2\/pages\/265\/revisions"}],"predecessor-version":[{"id":274,"href":"https:\/\/glasix.ch\/Wordpress\/wp-json\/wp\/v2\/pages\/265\/revisions\/274"}],"wp:featuredmedia":[{"embeddable":true,"href":"https:\/\/glasix.ch\/Wordpress\/wp-json\/wp\/v2\/media\/266"}],"wp:attachment":[{"href":"https:\/\/glasix.ch\/Wordpress\/wp-json\/wp\/v2\/media?parent=265"}],"curies":[{"name":"wp","href":"https:\/\/api.w.org\/{rel}","templated":true}]}}